{"id":2019,"date":"2025-05-04T15:28:55","date_gmt":"2025-05-04T13:28:55","guid":{"rendered":"https:\/\/wondershop.io\/?page_id=2019"},"modified":"2025-05-04T15:32:01","modified_gmt":"2025-05-04T13:32:01","slug":"politica-ambiental","status":"publish","type":"page","link":"https:\/\/wondershop.io\/es\/politica-ambiental\/","title":{"rendered":"Pol\u00edtica Ambiental"},"content":{"rendered":"\t\t<div data-elementor-type=\"wp-page\" data-elementor-id=\"2019\" class=\"elementor elementor-2019\" data-elementor-post-type=\"page\">\n\t\t\t\t<div class=\"elementor-element elementor-element-7b5ea1b e-flex e-con-boxed e-con e-parent\" data-id=\"7b5ea1b\" data-element_type=\"container\" data-settings=\"{&quot;ekit_has_onepagescroll_dot&quot;:&quot;yes&quot;}\">\n\t\t\t\t\t<div class=\"e-con-inner\">\n\t\t\t\t<div class=\"elementor-element elementor-element-f7da3e9 elementor-widget elementor-widget-heading\" data-id=\"f7da3e9\" data-element_type=\"widget\" data-settings=\"{&quot;ekit_we_effect_on&quot;:&quot;none&quot;}\" data-widget_type=\"heading.default\">\n\t\t\t\t<div class=\"elementor-widget-container\">\n\t\t\t\t\t<h2 class=\"elementor-heading-title elementor-size-default\">Pol\u00edtica Ambiental de WoonderSoft S.L.<\/h2>\t\t\t\t<\/div>\n\t\t\t\t<\/div>\n\t\t\t\t<div class=\"elementor-element elementor-element-b37cc09 elementor-widget elementor-widget-text-editor\" data-id=\"b37cc09\" data-element_type=\"widget\" data-settings=\"{&quot;ekit_we_effect_on&quot;:&quot;none&quot;}\" data-widget_type=\"text-editor.default\">\n\t\t\t\t<div class=\"elementor-widget-container\">\n\t\t\t\t\t\t\t\t\t<p>En WoonderSoft, entendemos que el respeto al medio ambiente es una responsabilidad compartida y esencial para construir un futuro sostenible.<\/p><p>Aunque somos una empresa tecnol\u00f3gica de desarrollo de software, creemos que todas las organizaciones, independientemente de su tama\u00f1o o actividad, deben contribuir a la protecci\u00f3n de nuestro entorno.<\/p><p>Por ello, nos comprometemos a:<\/p><ul><li>Reducir nuestro impacto ambiental mediante el uso responsable de los recursos, minimizando consumos innecesarios de papel, energ\u00eda y agua.<\/li><li>Fomentar el teletrabajo y la movilidad sostenible, limitando los desplazamientos presenciales y promoviendo reuniones virtuales siempre que sea posible.<\/li><li>Seleccionar proveedores que compartan nuestros valores de sostenibilidad, dando preferencia a aquellos que empleen energ\u00edas renovables y pr\u00e1cticas responsables.<\/li><li>Optimizar la eficiencia tecnol\u00f3gica, dise\u00f1ando nuestras soluciones software de manera que reduzcan el consumo de recursos digitales y f\u00edsicos en su operaci\u00f3n.<\/li><li>Promover la concienciaci\u00f3n ambiental entre nuestro equipo, incorporando h\u00e1bitos de reciclaje, ahorro energ\u00e9tico y responsabilidad medioambiental en nuestras actividades diarias.<\/li><li>Cumplir con la legislaci\u00f3n ambiental vigente aplicable a nuestra actividad y anticipar pr\u00e1cticas que vayan m\u00e1s all\u00e1 del cumplimiento normativo.<\/li><\/ul><p>\u00a0<\/p><p>En WoonderSoft creemos que el compromiso ambiental tambi\u00e9n es parte de la innovaci\u00f3n y la excelencia empresarial.<\/p><p>Nos esforzamos por mejorar continuamente nuestras pr\u00e1cticas sostenibles y contribuir de manera activa a la construcci\u00f3n de un ecosistema empresarial m\u00e1s responsable.<\/p>\t\t\t\t\t\t\t\t<\/div>\n\t\t\t\t<\/div>\n\t\t\t\t\t<\/div>\n\t\t\t\t<\/div>\n\t\t\t\t<\/div>\n\t\t","protected":false},"excerpt":{"rendered":"<p>Pol\u00edtica Ambiental de WoonderSoft S.L. En WoonderSoft, entendemos que el respeto al medio ambiente es una responsabilidad compartida y esencial para construir un futuro sostenible. Aunque somos una empresa tecnol\u00f3gica de desarrollo de software, creemos que todas las organizaciones, independientemente de su tama\u00f1o o actividad, deben contribuir a la protecci\u00f3n de nuestro entorno. Por ello, [&hellip;]<\/p>\n","protected":false},"author":1,"featured_media":0,"parent":0,"menu_order":0,"comment_status":"closed","ping_status":"closed","template":"","meta":{"_monsterinsights_skip_tracking":false,"_monsterinsights_sitenote_active":false,"_monsterinsights_sitenote_note":"","_monsterinsights_sitenote_category":0,"footnotes":""},"class_list":["post-2019","page","type-page","status-publish","hentry"],"aioseo_notices":[],"_links":{"self":[{"href":"https:\/\/wondershop.io\/es\/wp-json\/wp\/v2\/pages\/2019","targetHints":{"allow":["GET"]}}],"collection":[{"href":"https:\/\/wondershop.io\/es\/wp-json\/wp\/v2\/pages"}],"about":[{"href":"https:\/\/wondershop.io\/es\/wp-json\/wp\/v2\/types\/page"}],"author":[{"embeddable":true,"href":"https:\/\/wondershop.io\/es\/wp-json\/wp\/v2\/users\/1"}],"replies":[{"embeddable":true,"href":"https:\/\/wondershop.io\/es\/wp-json\/wp\/v2\/comments?post=2019"}],"version-history":[{"count":4,"href":"https:\/\/wondershop.io\/es\/wp-json\/wp\/v2\/pages\/2019\/revisions"}],"predecessor-version":[{"id":2023,"href":"https:\/\/wondershop.io\/es\/wp-json\/wp\/v2\/pages\/2019\/revisions\/2023"}],"wp:attachment":[{"href":"https:\/\/wondershop.io\/es\/wp-json\/wp\/v2\/media?parent=2019"}],"curies":[{"name":"wp","href":"https:\/\/api.w.org\/{rel}","templated":true}]}}