{"id":232,"date":"2025-01-04T16:06:09","date_gmt":"2025-01-04T15:06:09","guid":{"rendered":"https:\/\/woonderwoo.com\/?page_id=232"},"modified":"2025-01-06T16:51:08","modified_gmt":"2025-01-06T15:51:08","slug":"caracteristicas","status":"publish","type":"page","link":"https:\/\/wondershop.io\/es\/caracteristicas\/","title":{"rendered":"Caracter\u00edsticas"},"content":{"rendered":"\t\t<div data-elementor-type=\"wp-page\" data-elementor-id=\"232\" class=\"elementor elementor-232\" data-elementor-post-type=\"page\">\n\t\t\t\t<div class=\"elementor-element elementor-element-310f683 e-con-full e-flex e-con e-parent\" data-id=\"310f683\" data-element_type=\"container\" data-settings=\"{&quot;background_background&quot;:&quot;classic&quot;,&quot;ekit_has_onepagescroll_dot&quot;:&quot;yes&quot;}\">\n\t\t<div class=\"elementor-element elementor-element-4992bc64 e-flex e-con-boxed e-con e-child\" data-id=\"4992bc64\" data-element_type=\"container\" data-settings=\"{&quot;ekit_has_onepagescroll_dot&quot;:&quot;yes&quot;}\">\n\t\t\t\t\t<div class=\"e-con-inner\">\n\t\t\t\t<div class=\"elementor-element elementor-element-366db2ce elementor-widget__width-initial titleblur elementor-widget elementor-widget-heading\" data-id=\"366db2ce\" data-element_type=\"widget\" data-settings=\"{&quot;ekit_we_effect_on&quot;:&quot;none&quot;}\" data-widget_type=\"heading.default\">\n\t\t\t\t<div class=\"elementor-widget-container\">\n\t\t\t\t\t<h1 class=\"elementor-heading-title elementor-size-default\">Descubre lo que Woonderwoo puede hacer por tu tienda<\/h1>\t\t\t\t<\/div>\n\t\t\t\t<\/div>\n\t\t\t\t\t<\/div>\n\t\t\t\t<\/div>\n\t\t\t\t<\/div>\n\t\t<div class=\"elementor-element elementor-element-82dc421 e-flex e-con-boxed e-con e-parent\" data-id=\"82dc421\" data-element_type=\"container\" data-settings=\"{&quot;ekit_has_onepagescroll_dot&quot;:&quot;yes&quot;}\">\n\t\t\t\t\t<div class=\"e-con-inner\">\n\t\t<div class=\"elementor-element elementor-element-4bd19ec e-con-full e-flex e-con e-child\" data-id=\"4bd19ec\" data-element_type=\"container\" data-settings=\"{&quot;ekit_has_onepagescroll_dot&quot;:&quot;yes&quot;}\">\n\t\t\t\t<div class=\"elementor-element elementor-element-550035d elementor-widget__width-initial oranges bigs elementor-invisible elementor-widget elementor-widget-heading\" data-id=\"550035d\" data-element_type=\"widget\" data-settings=\"{&quot;_animation&quot;:&quot;fadeInLeft&quot;,&quot;_animation_delay&quot;:200,&quot;ekit_we_effect_on&quot;:&quot;none&quot;}\" data-widget_type=\"heading.default\">\n\t\t\t\t<div class=\"elementor-widget-container\">\n\t\t\t\t\t<h2 class=\"elementor-heading-title elementor-size-default\">Funcionalidades optimizadas para tu <span>Tienda<\/span><\/h2>\t\t\t\t<\/div>\n\t\t\t\t<\/div>\n\t\t\t\t<div class=\"elementor-element elementor-element-87f13db elementor-invisible elementor-widget elementor-widget-elementskit-video\" data-id=\"87f13db\" data-element_type=\"widget\" data-settings=\"{&quot;_animation&quot;:&quot;fadeIn&quot;,&quot;_animation_delay&quot;:300,&quot;ekit_we_effect_on&quot;:&quot;none&quot;}\" data-widget_type=\"elementskit-video.default\">\n\t\t\t\t<div class=\"elementor-widget-container\">\n\t\t\t\t\t<div class=\"ekit-wid-con\" >\t\t<div class=\"video-content\" data-video-player=\"[]\" data-video-setting=\"{&quot;videoVolume&quot;:&quot;horizontal&quot;,&quot;startVolume&quot;:0.8,&quot;videoType&quot;:&quot;iframe&quot;,&quot;videoClass&quot;:&quot;mfp-fade&quot;,&quot;popupIcon&quot;:{&quot;value&quot;:&quot;icon icon-cancel&quot;,&quot;library&quot;:&quot;ekiticons&quot;},&quot;videoStyle&quot;:&quot;popup&quot;,&quot;videoTypeName&quot;:&quot;youtube&quot;,&quot;autoplay&quot;:false,&quot;muted&quot;:false,&quot;loop&quot;:false}\">\n\t\t\t\n<a class=\"ekit_icon_button glow-ripple ekit-video-popup ekit-video-popup-btn\" href=\"https:\/\/www.youtube.com\/embed\/VhBl3dHT5SY?feature=oembed?playlist=VhBl3dHT5SY&amp;mute=0&amp;autoplay=0&amp;loop=no&amp;controls=0&amp;start=0&amp;end=\" aria-label=\"video-popup\">\n\t\t\t\t<i aria-hidden=\"true\" class=\"icon icon-play\"><\/i>\t\t\n\t\t\t<\/a>\n\t\t\t\t\t<\/div>\n\t\t<\/div>\t\t\t\t<\/div>\n\t\t\t\t<\/div>\n\t\t\t\t<\/div>\n\t\t<div class=\"elementor-element elementor-element-d0b9005 e-con-full e-flex e-con e-child\" data-id=\"d0b9005\" data-element_type=\"container\" data-settings=\"{&quot;ekit_has_onepagescroll_dot&quot;:&quot;yes&quot;}\">\n\t\t<div class=\"elementor-element elementor-element-488ea167 e-con-full e-flex e-con e-child\" data-id=\"488ea167\" data-element_type=\"container\" data-settings=\"{&quot;ekit_has_onepagescroll_dot&quot;:&quot;yes&quot;}\">\n\t\t\t\t<div class=\"elementor-element elementor-element-61b399fc elementor-invisible elementor-widget elementor-widget-image\" data-id=\"61b399fc\" data-element_type=\"widget\" data-settings=\"{&quot;_animation&quot;:&quot;fadeIn&quot;,&quot;_animation_delay&quot;:450,&quot;ekit_we_effect_on&quot;:&quot;none&quot;}\" data-widget_type=\"image.default\">\n\t\t\t\t<div class=\"elementor-widget-container\">\n\t\t\t\t\t\t\t\t\t\t\t\t\t\t\t<img fetchpriority=\"high\" decoding=\"async\" width=\"589\" height=\"589\" src=\"https:\/\/wondershop.io\/wp-content\/uploads\/2025\/01\/imgeejmplo.webp\" class=\"attachment-large size-large wp-image-409\" alt=\"\" srcset=\"https:\/\/wondershop.io\/wp-content\/uploads\/2025\/01\/imgeejmplo.webp 589w, https:\/\/wondershop.io\/wp-content\/uploads\/2025\/01\/imgeejmplo-300x300.webp 300w, https:\/\/wondershop.io\/wp-content\/uploads\/2025\/01\/imgeejmplo-150x150.webp 150w\" sizes=\"(max-width: 589px) 100vw, 589px\" \/>\t\t\t\t\t\t\t\t\t\t\t\t\t\t\t<\/div>\n\t\t\t\t<\/div>\n\t\t\t\t<\/div>\n\t\t<div class=\"elementor-element elementor-element-1d83357d e-con-full e-flex e-con e-child\" data-id=\"1d83357d\" data-element_type=\"container\" data-settings=\"{&quot;ekit_has_onepagescroll_dot&quot;:&quot;yes&quot;}\">\n\t\t\t\t<div class=\"elementor-element elementor-element-3fc1959f elementor-invisible elementor-widget elementor-widget-heading\" data-id=\"3fc1959f\" data-element_type=\"widget\" data-settings=\"{&quot;_animation&quot;:&quot;fadeInDown&quot;,&quot;_animation_delay&quot;:450,&quot;ekit_we_effect_on&quot;:&quot;none&quot;}\" data-widget_type=\"heading.default\">\n\t\t\t\t<div class=\"elementor-widget-container\">\n\t\t\t\t\t<h3 class=\"elementor-heading-title elementor-size-default\">Funciones dise\u00f1adas para simplificar tu vida y potenciar tu tienda.<\/h3>\t\t\t\t<\/div>\n\t\t\t\t<\/div>\n\t\t\t\t<div class=\"elementor-element elementor-element-6a44602b accordionpreparado elementor-invisible elementor-widget elementor-widget-elementskit-advance-accordion\" data-id=\"6a44602b\" data-element_type=\"widget\" data-settings=\"{&quot;_animation&quot;:&quot;fadeInUp&quot;,&quot;_animation_delay&quot;:700,&quot;ekit_we_effect_on&quot;:&quot;none&quot;}\" data-widget_type=\"elementskit-advance-accordion.default\">\n\t\t\t\t<div class=\"elementor-widget-container\">\n\t\t\t\t\t<div class=\"ekit-wid-con\">\n\n        <div class=\"elementskit-accordion accoedion-primary\" id=\"accordion-69f8563f408cc\">\n\n            \n                <div class=\"elementskit-card\">\n                    <div class=\"elementskit-card-header\" id=\"primaryHeading-0-6a44602b\">\n                        <a href=\"#collapse-2cfae4c69f8563f408cc\" class=\"elementskit-btn-link collapsed\" data-ekit-toggle=\"collapse\" data-target=\"#Collapse-2cfae4c69f8563f408cc\" aria-expanded=\"true\" aria-controls=\"Collapse-2cfae4c69f8563f408cc\">\n                            \n                            <span class=\"ekit-accordion-title\">Contenedor de Acciones M\u00faltiples (CAM)<\/span>\n\n                            \n                                <div class=\"ekit_accordion_icon_group\">\n\n                                    <div class=\"ekit_accordion_normal_icon\">\n                                        <!-- Normal Icon -->\n                                        <i aria-hidden=\"true\" class=\"icon-open icon-left icon icon-down-arrow1\"><\/i>                                    <\/div>\n\n                                    <div class=\"ekit_accordion_active_icon\">\n                                    <!-- Active Icon -->\n                                    <i aria-hidden=\"true\" class=\"icon-closed icon-left icon icon-up-arrow1\"><\/i>                                    <\/div>\n                                <\/div>\n\n                            \n                                                    <\/a>\n                    <\/div>\n\n                    <div id=\"Collapse-2cfae4c69f8563f408cc\" class=\" show collapse\" aria-labelledby=\"primaryHeading-0-6a44602b\" data-parent=\"#accordion-69f8563f408cc\">\n                      \n                        <div class=\"elementskit-card-body\">\n                            \n\t\t<div class=\"widgetarea_warper widgetarea_warper_editable\" data-elementskit-widgetarea-key=\"6a44602b\"  data-elementskit-widgetarea-index=\"2cfae4c\">\n\t\t\t<div class=\"widgetarea_warper_edit\" data-elementskit-widgetarea-key=\"6a44602b\" data-elementskit-widgetarea-index=\"2cfae4c\">\n\t\t\t\t<i class=\"eicon-edit\" aria-hidden=\"true\"><\/i>\n\t\t\t\t<span>Editar el contenido<\/span>\n\t\t\t<\/div>\n\n\t\t\t\t\t\t\t\t<div class=\"ekit-widget-area-container\">\n\t\t\t\t\tHaz clic en el bot\u00f3n editar contenido para editar\/a\u00f1adir el contenido.\t\t\t\t\t<\/div>\n\t\t\t\t\t\t<\/div>\n\t\t                        <\/div>\n\n                    <\/div>\n\n                <\/div><!-- .elementskit-card END --> \n\n                \n                <div class=\"elementskit-card\">\n                    <div class=\"elementskit-card-header\" id=\"primaryHeading-1-6a44602b\">\n                        <a href=\"#collapse-e9460d069f8563f408cc\" class=\"elementskit-btn-link collapsed\" data-ekit-toggle=\"collapse\" data-target=\"#Collapse-e9460d069f8563f408cc\" aria-expanded=\"false\" aria-controls=\"Collapse-e9460d069f8563f408cc\">\n                            \n                            <span class=\"ekit-accordion-title\">SEO Score<\/span>\n\n                            \n                                <div class=\"ekit_accordion_icon_group\">\n\n                                    <div class=\"ekit_accordion_normal_icon\">\n                                        <!-- Normal Icon -->\n                                        <i aria-hidden=\"true\" class=\"icon-open icon-left icon icon-down-arrow1\"><\/i>                                    <\/div>\n\n                                    <div class=\"ekit_accordion_active_icon\">\n                                    <!-- Active Icon -->\n                                    <i aria-hidden=\"true\" class=\"icon-closed icon-left icon icon-up-arrow1\"><\/i>                                    <\/div>\n                                <\/div>\n\n                            \n                                                    <\/a>\n                    <\/div>\n\n                    <div id=\"Collapse-e9460d069f8563f408cc\" class=\" collapse\" aria-labelledby=\"primaryHeading-1-6a44602b\" data-parent=\"#accordion-69f8563f408cc\">\n                      \n                        <div class=\"elementskit-card-body\">\n                            \n\t\t<div class=\"widgetarea_warper widgetarea_warper_editable\" data-elementskit-widgetarea-key=\"6a44602b\"  data-elementskit-widgetarea-index=\"e9460d0\">\n\t\t\t<div class=\"widgetarea_warper_edit\" data-elementskit-widgetarea-key=\"6a44602b\" data-elementskit-widgetarea-index=\"e9460d0\">\n\t\t\t\t<i class=\"eicon-edit\" aria-hidden=\"true\"><\/i>\n\t\t\t\t<span>Editar el contenido<\/span>\n\t\t\t<\/div>\n\n\t\t\t\t\t\t\t\t<div class=\"ekit-widget-area-container\">\n\t\t\t\t\tHaz clic en el bot\u00f3n editar contenido para editar\/a\u00f1adir el contenido.\t\t\t\t\t<\/div>\n\t\t\t\t\t\t<\/div>\n\t\t                        <\/div>\n\n                    <\/div>\n\n                <\/div><!-- .elementskit-card END --> \n\n                \n                <div class=\"elementskit-card\">\n                    <div class=\"elementskit-card-header\" id=\"primaryHeading-2-6a44602b\">\n                        <a href=\"#collapse-7a2dcd769f8563f408cc\" class=\"elementskit-btn-link collapsed\" data-ekit-toggle=\"collapse\" data-target=\"#Collapse-7a2dcd769f8563f408cc\" aria-expanded=\"false\" aria-controls=\"Collapse-7a2dcd769f8563f408cc\">\n                            \n                            <span class=\"ekit-accordion-title\">Importaci\u00f3n\/Exportaci\u00f3n avanzada<\/span>\n\n                            \n                                <div class=\"ekit_accordion_icon_group\">\n\n                                    <div class=\"ekit_accordion_normal_icon\">\n                                        <!-- Normal Icon -->\n                                        <i aria-hidden=\"true\" class=\"icon-open icon-left icon icon-down-arrow1\"><\/i>                                    <\/div>\n\n                                    <div class=\"ekit_accordion_active_icon\">\n                                    <!-- Active Icon -->\n                                    <i aria-hidden=\"true\" class=\"icon-closed icon-left icon icon-up-arrow1\"><\/i>                                    <\/div>\n                                <\/div>\n\n                            \n                                                    <\/a>\n                    <\/div>\n\n                    <div id=\"Collapse-7a2dcd769f8563f408cc\" class=\" collapse\" aria-labelledby=\"primaryHeading-2-6a44602b\" data-parent=\"#accordion-69f8563f408cc\">\n                      \n                        <div class=\"elementskit-card-body\">\n                            \n\t\t<div class=\"widgetarea_warper widgetarea_warper_editable\" data-elementskit-widgetarea-key=\"6a44602b\"  data-elementskit-widgetarea-index=\"7a2dcd7\">\n\t\t\t<div class=\"widgetarea_warper_edit\" data-elementskit-widgetarea-key=\"6a44602b\" data-elementskit-widgetarea-index=\"7a2dcd7\">\n\t\t\t\t<i class=\"eicon-edit\" aria-hidden=\"true\"><\/i>\n\t\t\t\t<span>Editar el contenido<\/span>\n\t\t\t<\/div>\n\n\t\t\t\t\t\t\t\t<div class=\"ekit-widget-area-container\">\n\t\t\t\t\tHaz clic en el bot\u00f3n editar contenido para editar\/a\u00f1adir el contenido.\t\t\t\t\t<\/div>\n\t\t\t\t\t\t<\/div>\n\t\t                        <\/div>\n\n                    <\/div>\n\n                <\/div><!-- .elementskit-card END --> \n\n                \n                <div class=\"elementskit-card\">\n                    <div class=\"elementskit-card-header\" id=\"primaryHeading-3-6a44602b\">\n                        <a href=\"#collapse-1a9591669f8563f408cc\" class=\"elementskit-btn-link collapsed\" data-ekit-toggle=\"collapse\" data-target=\"#Collapse-1a9591669f8563f408cc\" aria-expanded=\"false\" aria-controls=\"Collapse-1a9591669f8563f408cc\">\n                            \n                            <span class=\"ekit-accordion-title\">Vista de widgets<\/span>\n\n                            \n                                <div class=\"ekit_accordion_icon_group\">\n\n                                    <div class=\"ekit_accordion_normal_icon\">\n                                        <!-- Normal Icon -->\n                                        <i aria-hidden=\"true\" class=\"icon-open icon-left icon icon-down-arrow1\"><\/i>                                    <\/div>\n\n                                    <div class=\"ekit_accordion_active_icon\">\n                                    <!-- Active Icon -->\n                                    <i aria-hidden=\"true\" class=\"icon-closed icon-left icon icon-up-arrow1\"><\/i>                                    <\/div>\n                                <\/div>\n\n                            \n                                                    <\/a>\n                    <\/div>\n\n                    <div id=\"Collapse-1a9591669f8563f408cc\" class=\" collapse\" aria-labelledby=\"primaryHeading-3-6a44602b\" data-parent=\"#accordion-69f8563f408cc\">\n                      \n                        <div class=\"elementskit-card-body\">\n                            \n\t\t<div class=\"widgetarea_warper widgetarea_warper_editable\" data-elementskit-widgetarea-key=\"0683cae\"  data-elementskit-widgetarea-index=\"1a95916\">\n\t\t\t<div class=\"widgetarea_warper_edit\" data-elementskit-widgetarea-key=\"0683cae\" data-elementskit-widgetarea-index=\"1a95916\">\n\t\t\t\t<i class=\"eicon-edit\" aria-hidden=\"true\"><\/i>\n\t\t\t\t<span>Editar el contenido<\/span>\n\t\t\t<\/div>\n\n\t\t\t\t\t\t\t\t<div class=\"ekit-widget-area-container\">\n\t\t\t\t\t\t\t<div data-elementor-type=\"wp-post\" data-elementor-id=\"373\" class=\"elementor elementor-373\" data-elementor-post-type=\"elementskit_content\">\n\t\t\t\t<div class=\"elementor-element elementor-element-8ac31bc e-flex e-con-boxed e-con e-parent\" data-id=\"8ac31bc\" data-element_type=\"container\" data-settings=\"{&quot;ekit_has_onepagescroll_dot&quot;:&quot;yes&quot;}\">\n\t\t\t\t\t<div class=\"e-con-inner\">\n\t\t\t\t<div class=\"elementor-element elementor-element-0eb7383 elementor-widget elementor-widget-text-editor\" data-id=\"0eb7383\" data-element_type=\"widget\" data-settings=\"{&quot;ekit_we_effect_on&quot;:&quot;none&quot;}\" data-widget_type=\"text-editor.default\">\n\t\t\t\t<div class=\"elementor-widget-container\">\n\t\t\t\t\t\t\t\t\t<p>Manage products like folders: fast and intuitive.<\/p>\t\t\t\t\t\t\t\t<\/div>\n\t\t\t\t<\/div>\n\t\t\t\t\t<\/div>\n\t\t\t\t<\/div>\n\t\t\t\t<\/div>\n\t\t\t\t\t\t\t<\/div>\n\t\t\t\t\t\t<\/div>\n\t\t                        <\/div>\n\n                    <\/div>\n\n                <\/div><!-- .elementskit-card END --> \n\n                        <\/div>\n    <\/div>\t\t\t\t<\/div>\n\t\t\t\t<\/div>\n\t\t\t\t<\/div>\n\t\t\t\t<\/div>\n\t\t\t\t\t<\/div>\n\t\t\t\t<\/div>\n\t\t\t\t<\/div>\n\t\t","protected":false},"excerpt":{"rendered":"<p>Descubre lo que Woonderwoo puede hacer por tu tienda Funcionalidades optimizadas para tu Tienda Funciones dise\u00f1adas para simplificar tu vida y potenciar tu tienda. Contenedor de Acciones M\u00faltiples (CAM) Editar el contenido Haz clic en el bot\u00f3n editar contenido para editar\/a\u00f1adir el contenido. SEO Score Editar el contenido Haz clic en el bot\u00f3n editar contenido [&hellip;]<\/p>\n","protected":false},"author":1,"featured_media":0,"parent":0,"menu_order":0,"comment_status":"closed","ping_status":"closed","template":"","meta":{"_monsterinsights_skip_tracking":false,"_monsterinsights_sitenote_active":false,"_monsterinsights_sitenote_note":"","_monsterinsights_sitenote_category":0,"footnotes":""},"class_list":["post-232","page","type-page","status-publish","hentry"],"aioseo_notices":[],"_links":{"self":[{"href":"https:\/\/wondershop.io\/es\/wp-json\/wp\/v2\/pages\/232","targetHints":{"allow":["GET"]}}],"collection":[{"href":"https:\/\/wondershop.io\/es\/wp-json\/wp\/v2\/pages"}],"about":[{"href":"https:\/\/wondershop.io\/es\/wp-json\/wp\/v2\/types\/page"}],"author":[{"embeddable":true,"href":"https:\/\/wondershop.io\/es\/wp-json\/wp\/v2\/users\/1"}],"replies":[{"embeddable":true,"href":"https:\/\/wondershop.io\/es\/wp-json\/wp\/v2\/comments?post=232"}],"version-history":[{"count":10,"href":"https:\/\/wondershop.io\/es\/wp-json\/wp\/v2\/pages\/232\/revisions"}],"predecessor-version":[{"id":670,"href":"https:\/\/wondershop.io\/es\/wp-json\/wp\/v2\/pages\/232\/revisions\/670"}],"wp:attachment":[{"href":"https:\/\/wondershop.io\/es\/wp-json\/wp\/v2\/media?parent=232"}],"curies":[{"name":"wp","href":"https:\/\/api.w.org\/{rel}","templated":true}]}}